{"id":11,"date":"2019-09-25T18:33:30","date_gmt":"2019-09-25T16:33:30","guid":{"rendered":"http:\/\/englishimmersionholidays.es\/?page_id=11"},"modified":"2019-11-04T17:37:27","modified_gmt":"2019-11-04T16:37:27","slug":"accommodation","status":"publish","type":"page","link":"http:\/\/englishimmersionholidays.es\/?page_id=11","title":{"rendered":"Accommodation"},"content":{"rendered":"\n<p>Your accommodation is an\nimportant part of your immersion experience, which is why we select the best\nGuest Houses and Hosts for our clients.<\/p>\n\n\n\n<p>Guest Houses or B&amp;Bs\nare family-run hotels which have clean, homely bedrooms with en suite bathroom\nand intimite dining rooms where a full English breakfast is served together\nwith friendly conversation every morning. Clients always have the opportunity\nto engage in conversation and meet other English-speaking guests if they so\nwish.<\/p>\n\n\n\n<p>Homestay, where clients\nlive with a family, is an alternative option upon request and is according to\navailability since we only work with the best families.<\/p>\n\n\n\n<p><\/p>\n\n\n\nngg_shortcode_0_placeholder\n\n\n\n<p><\/p>\n\n\n\n<p class=\"has-text-color has-accent-color\">El alojamiento es una parte importante de cualquier experiencia de\ninmersi\u00f3n. Es por ello que seleccionamos los mejores hoteles familiares y\nanfitriones para nuestros clientes.<\/p>\n\n\n\n<p class=\"has-text-color has-accent-color\">Guest Houses o B&amp;Bs son peque\u00f1os hoteles familiares con cuarto de\nba\u00f1o incorporado y con acceso al comedor donde cada ma\u00f1ana sirven un desayuno\nmuy amplio y variado junto con mucha conversaci\u00f3n amigable. Nuestros clientes\nsiempre tienen la oportunidad de conversar y conocer a otros hu\u00e9spedes de habla\ninglesa si lo desean.<\/p>\n\n\n\n<p class=\"has-text-color has-accent-color\">Homestay con un anfitri\u00f3n es cuando un cliente elige alojarse con una\nfamilia. \u00c9sta opci\u00f3n est\u00e1 sujeta a la disponibilidad ya que s\u00f3lo trabajamos con\nlas mejores familias.<\/p>\n","protected":false},"excerpt":{"rendered":"<p>Your accommodation is an important part of your immersion experience, which is why we select the best Guest Houses and Hosts for our clients. Guest Houses or B&amp;Bs are family-run hotels which have clean, homely bedrooms with en suite bathroom and intimite dining rooms where a full English breakfast is [&hellip;]<\/p>\n","protected":false},"author":1,"featured_media":0,"parent":0,"menu_order":0,"comment_status":"closed","ping_status":"open","template":"","meta":{"ngg_post_thumbnail":0,"footnotes":""},"class_list":["post-11","page","type-page","status-publish","hentry"],"aioseo_notices":[],"_links":{"self":[{"href":"http:\/\/englishimmersionholidays.es\/index.php?rest_route=\/wp\/v2\/pages\/11","targetHints":{"allow":["GET"]}}],"collection":[{"href":"http:\/\/englishimmersionholidays.es\/index.php?rest_route=\/wp\/v2\/pages"}],"about":[{"href":"http:\/\/englishimmersionholidays.es\/index.php?rest_route=\/wp\/v2\/types\/page"}],"author":[{"embeddable":true,"href":"http:\/\/englishimmersionholidays.es\/index.php?rest_route=\/wp\/v2\/users\/1"}],"replies":[{"embeddable":true,"href":"http:\/\/englishimmersionholidays.es\/index.php?rest_route=%2Fwp%2Fv2%2Fcomments&post=11"}],"version-history":[{"count":6,"href":"http:\/\/englishimmersionholidays.es\/index.php?rest_route=\/wp\/v2\/pages\/11\/revisions"}],"predecessor-version":[{"id":351,"href":"http:\/\/englishimmersionholidays.es\/index.php?rest_route=\/wp\/v2\/pages\/11\/revisions\/351"}],"wp:attachment":[{"href":"http:\/\/englishimmersionholidays.es\/index.php?rest_route=%2Fwp%2Fv2%2Fmedia&parent=11"}],"curies":[{"name":"wp","href":"https:\/\/api.w.org\/{rel}","templated":true}]}}