{"id":255,"date":"2019-10-21T18:19:31","date_gmt":"2019-10-21T16:19:31","guid":{"rendered":"http:\/\/englishimmersionholidays.es\/?page_id=255"},"modified":"2019-12-16T10:36:47","modified_gmt":"2019-12-16T09:36:47","slug":"scottish-castles","status":"publish","type":"page","link":"http:\/\/englishimmersionholidays.es\/?page_id=255","title":{"rendered":"Scottish Castles"},"content":{"rendered":"\n<p><strong>SCOTTISH CASTLES<\/strong><br>In the area of Aberdeenshire there\u2019s an abundance of wonderful castles to visit, which are full of history and can even tell the odd ghost story!<br><br><br><\/p>\n\n\n\n<p class=\"has-text-color has-accent-color\"><strong>CASTILLOS ESCOCESES<\/strong><br>En la regi\u00f3n de Aberdeen, existen una gran cantidad de castillos asombrosos para visitar que est\u00e1n llenos de historia, adem\u00e1s de algunas cuantas historias de fantasmas!<br><br><\/p>\n\n\n\nngg_shortcode_0_placeholder\n","protected":false},"excerpt":{"rendered":"<p>SCOTTISH CASTLESIn the area of Aberdeenshire there\u2019s an abundance of wonderful castles to visit, which are full of history and can even tell the odd ghost story! CASTILLOS ESCOCESESEn la regi\u00f3n de Aberdeen, existen una gran cantidad de castillos asombrosos para visitar que est\u00e1n llenos de historia, adem\u00e1s de algunas [&hellip;]<\/p>\n","protected":false},"author":1,"featured_media":0,"parent":0,"menu_order":0,"comment_status":"closed","ping_status":"closed","template":"","meta":{"ngg_post_thumbnail":0,"footnotes":""},"class_list":["post-255","page","type-page","status-publish","hentry"],"aioseo_notices":[],"_links":{"self":[{"href":"http:\/\/englishimmersionholidays.es\/index.php?rest_route=\/wp\/v2\/pages\/255","targetHints":{"allow":["GET"]}}],"collection":[{"href":"http:\/\/englishimmersionholidays.es\/index.php?rest_route=\/wp\/v2\/pages"}],"about":[{"href":"http:\/\/englishimmersionholidays.es\/index.php?rest_route=\/wp\/v2\/types\/page"}],"author":[{"embeddable":true,"href":"http:\/\/englishimmersionholidays.es\/index.php?rest_route=\/wp\/v2\/users\/1"}],"replies":[{"embeddable":true,"href":"http:\/\/englishimmersionholidays.es\/index.php?rest_route=%2Fwp%2Fv2%2Fcomments&post=255"}],"version-history":[{"count":14,"href":"http:\/\/englishimmersionholidays.es\/index.php?rest_route=\/wp\/v2\/pages\/255\/revisions"}],"predecessor-version":[{"id":557,"href":"http:\/\/englishimmersionholidays.es\/index.php?rest_route=\/wp\/v2\/pages\/255\/revisions\/557"}],"wp:attachment":[{"href":"http:\/\/englishimmersionholidays.es\/index.php?rest_route=%2Fwp%2Fv2%2Fmedia&parent=255"}],"curies":[{"name":"wp","href":"https:\/\/api.w.org\/{rel}","templated":true}]}}