{"id":257,"date":"2019-10-21T18:19:47","date_gmt":"2019-10-21T16:19:47","guid":{"rendered":"http:\/\/englishimmersionholidays.es\/?page_id=257"},"modified":"2020-01-10T18:27:43","modified_gmt":"2020-01-10T17:27:43","slug":"scottish-nature","status":"publish","type":"page","link":"http:\/\/englishimmersionholidays.es\/?page_id=257","title":{"rendered":"Scottish Nature"},"content":{"rendered":"\n<p><strong>SCOTTISH NATURE<\/strong><br>We visit the seal colony at Newburgh beach, go on Dolphin &amp; whale watching boat trips from Aberdeen Harbour, pass by the Harry Potter Owl training reserve, take a boat trip down Loch Ness just in case Nessie pops up, or we can go pony trekking at Glen Tanar, trout fishing , cylce round the Duthie Park and visit the Winter gardens, see Seaton park, or go Puffin watching.<br><br><br><\/p>\n\n\n\n<p class=\"has-text-color has-accent-color\"><strong>NATURALEZA ESCOCESA<\/strong><br>Visitamos la colonia de focas en la playa de Newburgh; vamos a ver delfines y ballenas; pasamos por donde fueron entrenados los b\u00fahos que aparecieron en las pel\u00edculas de Harry Potter; vamos de crucero en barco por el Lago Ness a ver si podemos ver a Nessie; montamos a los ponys de Glen Tanar para cabalgar por los bosques y los r\u00edos; hacemos pesca; montamos en bici por unas rutas muy pintorescas; vamos de excursi\u00f3n a ver a los p\u00e1jaros frailecillos que anidan en los acantilados de toda la costa. <br><br><\/p>\n\n\n\nngg_shortcode_0_placeholder\n","protected":false},"excerpt":{"rendered":"<p>SCOTTISH NATUREWe visit the seal colony at Newburgh beach, go on Dolphin &amp; whale watching boat trips from Aberdeen Harbour, pass by the Harry Potter Owl training reserve, take a boat trip down Loch Ness just in case Nessie pops up, or we can go pony trekking at Glen Tanar, [&hellip;]<\/p>\n","protected":false},"author":1,"featured_media":0,"parent":0,"menu_order":0,"comment_status":"closed","ping_status":"closed","template":"","meta":{"ngg_post_thumbnail":0,"footnotes":""},"class_list":["post-257","page","type-page","status-publish","hentry"],"aioseo_notices":[],"_links":{"self":[{"href":"http:\/\/englishimmersionholidays.es\/index.php?rest_route=\/wp\/v2\/pages\/257","targetHints":{"allow":["GET"]}}],"collection":[{"href":"http:\/\/englishimmersionholidays.es\/index.php?rest_route=\/wp\/v2\/pages"}],"about":[{"href":"http:\/\/englishimmersionholidays.es\/index.php?rest_route=\/wp\/v2\/types\/page"}],"author":[{"embeddable":true,"href":"http:\/\/englishimmersionholidays.es\/index.php?rest_route=\/wp\/v2\/users\/1"}],"replies":[{"embeddable":true,"href":"http:\/\/englishimmersionholidays.es\/index.php?rest_route=%2Fwp%2Fv2%2Fcomments&post=257"}],"version-history":[{"count":7,"href":"http:\/\/englishimmersionholidays.es\/index.php?rest_route=\/wp\/v2\/pages\/257\/revisions"}],"predecessor-version":[{"id":574,"href":"http:\/\/englishimmersionholidays.es\/index.php?rest_route=\/wp\/v2\/pages\/257\/revisions\/574"}],"wp:attachment":[{"href":"http:\/\/englishimmersionholidays.es\/index.php?rest_route=%2Fwp%2Fv2%2Fmedia&parent=257"}],"curies":[{"name":"wp","href":"https:\/\/api.w.org\/{rel}","templated":true}]}}