{"id":369,"date":"2019-11-11T09:59:17","date_gmt":"2019-11-11T08:59:17","guid":{"rendered":"http:\/\/englishimmersionholidays.es\/?page_id=369"},"modified":"2019-11-11T10:06:12","modified_gmt":"2019-11-11T09:06:12","slug":"who-we-do-it","status":"publish","type":"page","link":"http:\/\/englishimmersionholidays.es\/?page_id=369","title":{"rendered":"How we do it"},"content":{"rendered":"\n<p>When a client\ncontacts us, the first thing we do is meet in person (in Madrid) or via skype\n(for the rest of the peninsula) to establish a rapport with the client and\nunderstand their real English level, needs and interests.<\/p>\n\n\n\n<p>Once we have met,\na study plan is outlined along with suitable dates and a personalised\nitinerary. When the client agrees and accepts our proposal, we get the ball\nrolling by booking flights and accommodation.<\/p>\n\n\n\n<p>The duration of\nany immersion holiday ranges from 1 week to 1 month. According to each client\u2019s\nneeds and interests, we recommend the right number of English lessons and\nsuggest visits and activities. <\/p>\n\n\n\n<p>Our classes do\nnot take place in a typical classroom atmosphere. Instead, we go to various,\nstimulating locations where refreshments are available during class. What\u2019s\nmore, the content of each class is personalised and also cleverly linked to\nlater activities and visits scheduled for the&nbsp;\nclient. <\/p>\n\n\n\n<p>While on a visit,\nwe ensure conversation is flowing with detailed explanations of the site or\nactivity, all with vocabulary and grammar correction when necessary.<\/p>\n\n\n\n<p>To guarantee\nprogress, our clients always receive maximum attention with no more than 2 or 3\nother people participating, all with the same level, similar interests and\nbackground.<\/p>\n\n\n\n<p>Our team always strives to meet our clients\u2019 needs in order to deliver significant improvement.<br><br><br><\/p>\n\n\n\n<p class=\"has-text-color has-large-font-size has-accent-color\"><strong>Como lo hacemos:<\/strong><\/p>\n\n\n\n<p class=\"has-text-color has-accent-color\">Cuando un cliente\nse pone en contacto con nosotros, lo primero que hacemos es conocerle en\npersona si vive en la Comunidad de Madrid, o mediante Skype para el resto de la\npen\u00ednsula, con el fin de establecer una relaci\u00f3n de entendimiento para\ncomprender sus necesidades, nivel e intereses. De \u00e9sta manera, podemos escuchar\ncualquier pregunta y\/o esclarecer posibles dudas en el momento y desde el\nprincipio.<\/p>\n\n\n\n<p class=\"has-text-color has-accent-color\">Tras conocernos,\nperfilamos un plan de estudio, posibles fechas para la inmersi\u00f3n, tipo de\nalojamiento y el itinerario de visitas y\/o actividades a realizar. Ponemos\nmanos a la obra en cuanto el cliente acepta y aprueba la propuesta, reservando\nlos vuelos y el alojamiento.<\/p>\n\n\n\n<p class=\"has-text-color has-accent-color\">La duraci\u00f3n de\ncualquier estancia de inmersi\u00f3n var\u00eda de 1 semana a 1 mes. Seg\u00fan las\nnecesidades e intereses de cada cliente, recomendamos la cantidad adecuada de\nclases de ingl\u00e9s y sugerimos las mejores visitas y actividades.<\/p>\n\n\n\n<p class=\"has-text-color has-accent-color\">Nuestras clases\nno tienen lugar en el aula. Visitamos varios sitios estimulantes siempre con\nrefrescos y alg\u00fan tentempi\u00e9 disponible durante la clase ya que consideramos que\nes importante estar relajado y animado para fomentar el aprendizaje y la\nconversaci\u00f3n. Adem\u00e1s, el contenido de cada clase es personalizado e\ninteligentemente vinculado con las actividades y visitas programadas para el\ncliente. <\/p>\n\n\n\n<p class=\"has-text-color has-accent-color\">En cada visita,\naseguramos que fluya la conversaci\u00f3n con explicaciones detalladas, incluyendo\nel vocabulario y gram\u00e1tica espec\u00edfica y correcci\u00f3n donde haga falta.<\/p>\n\n\n\n<p class=\"has-text-color has-accent-color\">Y para poder\ngarantizar el progreso, nuestros clientes disfrutan de la m\u00e1xima atenci\u00f3n de\nnuestros profesionales con no m\u00e1s de 2 o 3 personas participando a la vez,\nsiempre con el mismo nivel, edad, intereses y experiencias.\n\nEn todo momento, nuestro\nequipo se esfuerza por satisfacer y superar las expectativas y necesidades de\nnuestros clientes para entregarles la mejora deseada\n\n\n\n<\/p>\n","protected":false},"excerpt":{"rendered":"<p>When a client contacts us, the first thing we do is meet in person (in Madrid) or via skype (for the rest of the peninsula) to establish a rapport with the client and understand their real English level, needs and interests. Once we have met, a study plan is outlined [&hellip;]<\/p>\n","protected":false},"author":1,"featured_media":0,"parent":9,"menu_order":0,"comment_status":"closed","ping_status":"closed","template":"","meta":{"ngg_post_thumbnail":0,"footnotes":""},"class_list":["post-369","page","type-page","status-publish","hentry"],"aioseo_notices":[],"_links":{"self":[{"href":"http:\/\/englishimmersionholidays.es\/index.php?rest_route=\/wp\/v2\/pages\/369","targetHints":{"allow":["GET"]}}],"collection":[{"href":"http:\/\/englishimmersionholidays.es\/index.php?rest_route=\/wp\/v2\/pages"}],"about":[{"href":"http:\/\/englishimmersionholidays.es\/index.php?rest_route=\/wp\/v2\/types\/page"}],"author":[{"embeddable":true,"href":"http:\/\/englishimmersionholidays.es\/index.php?rest_route=\/wp\/v2\/users\/1"}],"replies":[{"embeddable":true,"href":"http:\/\/englishimmersionholidays.es\/index.php?rest_route=%2Fwp%2Fv2%2Fcomments&post=369"}],"version-history":[{"count":5,"href":"http:\/\/englishimmersionholidays.es\/index.php?rest_route=\/wp\/v2\/pages\/369\/revisions"}],"predecessor-version":[{"id":375,"href":"http:\/\/englishimmersionholidays.es\/index.php?rest_route=\/wp\/v2\/pages\/369\/revisions\/375"}],"up":[{"embeddable":true,"href":"http:\/\/englishimmersionholidays.es\/index.php?rest_route=\/wp\/v2\/pages\/9"}],"wp:attachment":[{"href":"http:\/\/englishimmersionholidays.es\/index.php?rest_route=%2Fwp%2Fv2%2Fmedia&parent=369"}],"curies":[{"name":"wp","href":"https:\/\/api.w.org\/{rel}","templated":true}]}}