{"id":6,"date":"2019-09-25T18:33:30","date_gmt":"2019-09-25T16:33:30","guid":{"rendered":"http:\/\/englishimmersionholidays.es\/?page_id=6"},"modified":"2019-12-16T10:35:55","modified_gmt":"2019-12-16T09:35:55","slug":"where-we-go","status":"publish","type":"page","link":"http:\/\/englishimmersionholidays.es\/?page_id=6","title":{"rendered":"Where we go"},"content":{"rendered":"\n<div class=\"wp-block-cover alignwide has-background-dim\" style=\"background-image:url(http:\/\/englishimmersionholidays.es\/wp-content\/uploads\/2019\/10\/Where-we-go-1.jpg);background-position:48.4375% 49.411764705882355%\"><div class=\"wp-block-cover__inner-container is-layout-flow wp-block-cover-is-layout-flow\">\n<p class=\"has-text-align-center has-large-font-size\"><\/p>\n\n\n\n<p><br><br><br><br>Based in Aberdeenshire, we take our clients to some of the most exciting locations in Scotland, bearing in mind individual interests and the duration of the immersion holiday.<\/p>\n\n\n\n<p>While on a visit, we ensure conversation is flowing with detailed explanations of the site, all with vocabulary and expert grammar correction, when necessary, to help our clients reach their goals and improve.<br><br><br><br><br><br><br><\/p>\n\n\n\n<p><\/p>\n\n\n\n<p class=\"has-text-color has-accent-color\">Con nuestra base\nen Aberdeen, llevamos a nuestros clientes a los mejores lugares de Escocia,\nteniendo en cuenta los intereses individuales y la duraci\u00f3n de la estancia.<\/p>\n\n\n\n<p class=\"has-text-color has-accent-color\">Durante las visitas, nos aseguramos de que fluya la conversaci\u00f3n con informaci\u00f3n detallada sobre el lugar, vocabulario y correcci\u00f3n de la gram\u00e1tica si es necesario, para ayudar a nuestros clientes a alcanzar sus objetivos.<br><br><br><br><br><br><br><br><br><br><br><br><br><br><br><br><\/p>\n\n\n\n<p><\/p>\n<\/div><\/div>\n\n\n\n<p><\/p>\n","protected":false},"excerpt":{"rendered":"","protected":false},"author":1,"featured_media":0,"parent":0,"menu_order":0,"comment_status":"closed","ping_status":"open","template":"","meta":{"ngg_post_thumbnail":0,"footnotes":""},"class_list":["post-6","page","type-page","status-publish","hentry"],"aioseo_notices":[],"_links":{"self":[{"href":"http:\/\/englishimmersionholidays.es\/index.php?rest_route=\/wp\/v2\/pages\/6","targetHints":{"allow":["GET"]}}],"collection":[{"href":"http:\/\/englishimmersionholidays.es\/index.php?rest_route=\/wp\/v2\/pages"}],"about":[{"href":"http:\/\/englishimmersionholidays.es\/index.php?rest_route=\/wp\/v2\/types\/page"}],"author":[{"embeddable":true,"href":"http:\/\/englishimmersionholidays.es\/index.php?rest_route=\/wp\/v2\/users\/1"}],"replies":[{"embeddable":true,"href":"http:\/\/englishimmersionholidays.es\/index.php?rest_route=%2Fwp%2Fv2%2Fcomments&post=6"}],"version-history":[{"count":20,"href":"http:\/\/englishimmersionholidays.es\/index.php?rest_route=\/wp\/v2\/pages\/6\/revisions"}],"predecessor-version":[{"id":556,"href":"http:\/\/englishimmersionholidays.es\/index.php?rest_route=\/wp\/v2\/pages\/6\/revisions\/556"}],"wp:attachment":[{"href":"http:\/\/englishimmersionholidays.es\/index.php?rest_route=%2Fwp%2Fv2%2Fmedia&parent=6"}],"curies":[{"name":"wp","href":"https:\/\/api.w.org\/{rel}","templated":true}]}}